{"id":278,"date":"2025-04-06T11:20:51","date_gmt":"2025-04-06T11:20:51","guid":{"rendered":"https:\/\/www.uutiskirjeet.com\/?page_id=278"},"modified":"2025-04-08T14:46:53","modified_gmt":"2025-04-08T14:46:53","slug":"yhteydenotto","status":"publish","type":"page","link":"https:\/\/www.uutiskirjeet.com\/index.php\/yhteydenotto\/","title":{"rendered":"Yhteydenotto"},"content":{"rendered":"\t\t<div data-elementor-type=\"wp-page\" data-elementor-id=\"278\" class=\"elementor elementor-278\" data-elementor-post-type=\"page\">\n\t\t\t\t<div class=\"elementor-element elementor-element-78823a60 e-flex e-con-boxed e-con e-parent\" data-id=\"78823a60\" data-element_type=\"container\" data-e-type=\"container\">\n\t\t\t\t\t<div class=\"e-con-inner\">\n\t\t\t\t<div class=\"elementor-element elementor-element-3718999a elementor-widget elementor-widget-image\" data-id=\"3718999a\" data-element_type=\"widget\" data-e-type=\"widget\" data-widget_type=\"image.default\">\n\t\t\t\t<div class=\"elementor-widget-container\">\n\t\t\t\t\t\t\t\t\t\t\t\t\t\t\t<img fetchpriority=\"high\" decoding=\"async\" width=\"300\" height=\"170\" src=\"https:\/\/www.uutiskirjeet.com\/wp-content\/uploads\/2025\/04\/UUTISKIRJEET-.COM2_-2-300x170.png\" class=\"attachment-medium size-medium wp-image-218\" alt=\"\" srcset=\"https:\/\/www.uutiskirjeet.com\/wp-content\/uploads\/2025\/04\/UUTISKIRJEET-.COM2_-2-300x170.png 300w, https:\/\/www.uutiskirjeet.com\/wp-content\/uploads\/2025\/04\/UUTISKIRJEET-.COM2_-2-1024x579.png 1024w, https:\/\/www.uutiskirjeet.com\/wp-content\/uploads\/2025\/04\/UUTISKIRJEET-.COM2_-2-768x434.png 768w, https:\/\/www.uutiskirjeet.com\/wp-content\/uploads\/2025\/04\/UUTISKIRJEET-.COM2_-2.png 1472w\" sizes=\"(max-width: 300px) 100vw, 300px\" \/>\t\t\t\t\t\t\t\t\t\t\t\t\t\t\t<\/div>\n\t\t\t\t<\/div>\n\t\t\t\t\t<\/div>\n\t\t\t\t<\/div>\n\t\t<div class=\"elementor-element elementor-element-b00f2ce e-flex e-con-boxed e-con e-parent\" data-id=\"b00f2ce\" data-element_type=\"container\" data-e-type=\"container\">\n\t\t\t\t\t<div class=\"e-con-inner\">\n\t\t\t\t<div class=\"elementor-element elementor-element-6af21cc elementor-widget elementor-widget-heading\" data-id=\"6af21cc\" data-element_type=\"widget\" data-e-type=\"widget\" data-widget_type=\"heading.default\">\n\t\t\t\t<div class=\"elementor-widget-container\">\n\t\t\t\t\t<h2 class=\"elementor-heading-title elementor-size-default\">Yhteydenotto<\/h2>\t\t\t\t<\/div>\n\t\t\t\t<\/div>\n\t\t\t\t\t<\/div>\n\t\t\t\t<\/div>\n\t\t<div class=\"elementor-element elementor-element-12ea9d09 e-flex e-con-boxed e-con e-parent\" data-id=\"12ea9d09\" data-element_type=\"container\" data-e-type=\"container\" data-settings=\"{&quot;background_background&quot;:&quot;classic&quot;}\">\n\t\t\t\t\t<div class=\"e-con-inner\">\n\t\t<div class=\"elementor-element elementor-element-1def0cf6 e-con-full e-flex e-con e-child\" data-id=\"1def0cf6\" data-element_type=\"container\" data-e-type=\"container\">\n\t\t\t\t<div class=\"elementor-element elementor-element-7a1aa00b elementor-widget elementor-widget-heading\" data-id=\"7a1aa00b\" data-element_type=\"widget\" data-e-type=\"widget\" data-widget_type=\"heading.default\">\n\t\t\t\t<div class=\"elementor-widget-container\">\n\t\t\t\t\t<h1 class=\"elementor-heading-title elementor-size-default\">Kiinnostuitko?<\/h1>\t\t\t\t<\/div>\n\t\t\t\t<\/div>\n\t\t\t\t<div class=\"elementor-element elementor-element-5150e017 elementor-widget elementor-widget-text-editor\" data-id=\"5150e017\" data-element_type=\"widget\" data-e-type=\"widget\" data-widget_type=\"text-editor.default\">\n\t\t\t\t<div class=\"elementor-widget-container\">\n\t\t\t\t\t\t\t\t\t<p>Ota rohkeasti yhteytt\u00e4 ja pyyd\u00e4 tarjous. Samalla saat selville, mitk\u00e4 voisivat olla uutiskirjeen hy\u00f6dyt juuri sinulle!<\/p>\t\t\t\t\t\t\t\t<\/div>\n\t\t\t\t<\/div>\n\t\t\t\t<\/div>\n\t\t<div class=\"elementor-element elementor-element-2163dfbe e-con-full e-flex e-con e-child\" data-id=\"2163dfbe\" data-element_type=\"container\" data-e-type=\"container\">\n\t\t\t\t<div class=\"elementor-element elementor-element-6ab9200 elementor-widget elementor-widget-wpforms\" data-id=\"6ab9200\" data-element_type=\"widget\" data-e-type=\"widget\" data-widget_type=\"wpforms.default\">\n\t\t\t\t<div class=\"elementor-widget-container\">\n\t\t\t\t\t<div class=\"wpforms-container wpforms-container-full wpforms-render-modern\" id=\"wpforms-784\"><form id=\"wpforms-form-784\" class=\"wpforms-validate wpforms-form wpforms-ajax-form\" data-formid=\"784\" method=\"post\" enctype=\"multipart\/form-data\" action=\"\/index.php\/wp-json\/wp\/v2\/pages\/278\" data-token=\"72f9da7c78fbe6106189c99ad39d71e6\" data-token-time=\"1776678354\"><noscript class=\"wpforms-error-noscript\">Please enable JavaScript in your browser to complete this form.<\/noscript><div id=\"wpforms-error-noscript\" style=\"display: none;\">Please enable JavaScript in your browser to complete this form.<\/div><div class=\"wpforms-field-container\"><div id=\"wpforms-784-field_11-container\" class=\"wpforms-field wpforms-field-text\" data-field-id=\"11\"><label class=\"wpforms-field-label\" for=\"wpforms-784-field_11\">Nimi<\/label><input type=\"text\" id=\"wpforms-784-field_11\" class=\"wpforms-field-medium\" name=\"wpforms[fields][11]\" aria-errormessage=\"wpforms-784-field_11-error\" ><\/div><div id=\"wpforms-784-field_2-container\" class=\"wpforms-field wpforms-field-email\" data-field-id=\"2\"><label class=\"wpforms-field-label\" for=\"wpforms-784-field_2\">S\u00e4hk\u00f6postiosoite <span class=\"wpforms-required-label\" aria-hidden=\"true\">*<\/span><\/label><input type=\"email\" id=\"wpforms-784-field_2\" class=\"wpforms-field-medium wpforms-field-required\" name=\"wpforms[fields][2]\" spellcheck=\"false\" aria-errormessage=\"wpforms-784-field_2-error\" required><\/div><div id=\"wpforms-784-field_3-container\" class=\"wpforms-field wpforms-field-textarea\" data-field-id=\"3\"><label class=\"wpforms-field-label\" for=\"wpforms-784-field_3\">Viestisi<\/label><textarea id=\"wpforms-784-field_3\" class=\"wpforms-field-medium\" name=\"wpforms[fields][3]\" aria-errormessage=\"wpforms-784-field_3-error\" ><\/textarea><\/div>\t\t<div id=\"wpforms-784-field_1-container\"\n\t\t\tclass=\"wpforms-field wpforms-field-text\"\n\t\t\tdata-field-type=\"text\"\n\t\t\tdata-field-id=\"1\"\n\t\t\t>\n\t\t\t<label class=\"wpforms-field-label\" for=\"wpforms-784-field_1\" >tutustunut Olen tietosuojaselosteeseen<\/label>\n\t\t\t<input type=\"text\" id=\"wpforms-784-field_1\" class=\"wpforms-field-medium\" name=\"wpforms[fields][1]\" >\n\t\t<\/div>\n\t\t<div id=\"wpforms-784-field_10-container\" class=\"wpforms-field wpforms-field-checkbox\" data-field-id=\"10\"><fieldset><legend class=\"wpforms-field-label\">Olen tutustunut tietosuojaselosteeseen <span class=\"wpforms-required-label\" aria-hidden=\"true\">*<\/span><\/legend><ul id=\"wpforms-784-field_10\" class=\"wpforms-field-required\"><li class=\"choice-1 depth-1\"><input type=\"checkbox\" id=\"wpforms-784-field_10_1\" name=\"wpforms[fields][10][]\" value=\"Kyll\u00e4\" aria-errormessage=\"wpforms-784-field_10_1-error\" aria-describedby=\"wpforms-784-field_10-description\" required ><label class=\"wpforms-field-label-inline\" for=\"wpforms-784-field_10_1\">Kyll\u00e4<\/label><\/li><\/ul><div id=\"wpforms-784-field_10-description\" class=\"wpforms-field-description wpforms-disclaimer-description\">1. Rekisterinpit\u00e4j\u00e4 <br \/>\nSP Uutiskirjeet.com<br \/>\nY-tunnus: 3006384-6<br \/>\nPuhelinnumero: 040 670 9695 <br \/>\nS\u00e4hk\u00f6postiosoite: info@uutiskirjeet.com<br \/>\n<br \/>\n2. Rekisteriasioita hoitava henkil\u00f6<br \/>\nNimi: Simo Parni, Kirjoituspalvelu Puhepaja.fi t:mi<br \/>\nY-tunnus: 3006384-6<br \/>\nPuhelinnumero: 040 670 9695 <br \/>\nS\u00e4hk\u00f6postiosoite: simo@puhepaja.fi <br \/>\n3. Rekisterin k\u00e4ytt\u00f6tarkoitus <br \/>\nKer\u00e4tt\u00e4vi\u00e4 henkil\u00f6tietoja k\u00e4ytet\u00e4\u00e4n: <br \/>\nYhteydenpitoon asiakkaiden kanssa sek\u00e4 tilausten toimittamiseen ja asiakassuhteen yll\u00e4pitoon sek\u00e4 kehitt\u00e4miseen.<br \/>\n<br \/>\n4. Tietojen ker\u00e4\u00e4misen ja k\u00e4sittelyn peruste<br \/>\nAsiakkaan tietoja ker\u00e4t\u00e4\u00e4n ja k\u00e4sitell\u00e4\u00e4n asiakkaan suostumuksella, tai asiakkaan kanssa teht\u00e4v\u00e4n sopimuksen t\u00e4yt\u00e4nt\u00f6\u00f6n panemiseksi.<br \/>\n<br \/>\n5. Rekisterin tietosis\u00e4lt\u00f6 <br \/>\nAsiakkaan nimi, s\u00e4hk\u00f6posti sek\u00e4 tilauksen sis\u00e4lt\u00f6.<br \/>\n<br \/>\n6. Tietojen s\u00e4ilytysaika<br \/>\nHenkil\u00f6tiedot s\u00e4ilytet\u00e4\u00e4n niin kauan, kun niit\u00e4 tarvitaan asiakkaan kanssa teht\u00e4v\u00e4n sopimuksen t\u00e4yt\u00e4nt\u00f6\u00f6npanemiseksi tai asiakaspalvelun kehitt\u00e4miseksi.<br \/>\n<br \/>\n7. S\u00e4\u00e4nn\u00f6nmukaiset tietol\u00e4hteet <br \/>\nRekisteriin ker\u00e4t\u00e4\u00e4n tietoja: <br \/>\nHenkil\u00f6lt\u00e4 itselt\u00e4\u00e4n. Viranomaisen pit\u00e4mist\u00e4 rekistereist\u00e4 lain sallimissa rajoissa (esim. ytj.fi). Tietoja ker\u00e4t\u00e4\u00e4n my\u00f6s Google Analytics \u2013analytiikkaty\u00f6kalun avulla.<br \/>\n<br \/>\n8. S\u00e4\u00e4nn\u00f6nmukaiset tietojen luovutukset ja tietojen siirto EU:n tai Euroopan talousalueen ulkopuolelle <br \/>\nTietoja ei s\u00e4\u00e4nn\u00f6nmukaisesti luovuteta yrityksen ulkopuolelle. Osa yrityksen k\u00e4ytt\u00e4mist\u00e4 ulkopuolisista palvelun- tai ohjelmistontarjoajista saattavat s\u00e4ilytt\u00e4\u00e4 tietoja EU:n tai Euroopan talousalueen ulkopuolella.<br \/>\n<br \/>\n9. Ev\u00e4steiden (cookies) k\u00e4ytt\u00f6 <br \/>\nK\u00e4yt\u00e4mme sivuillamme ns. cookie-toimintoa eli ev\u00e4steit\u00e4. Ev\u00e4ste on pieni, k\u00e4ytt\u00e4j\u00e4n tietokoneelle l\u00e4hetett\u00e4v\u00e4 ja siell\u00e4 s\u00e4ilytett\u00e4v\u00e4 tekstitiedosto, joka mahdollistaa internet-sivujen yll\u00e4pit\u00e4j\u00e4n tunnistamaan usein sivuilla vierailevat k\u00e4vij\u00e4t, helpottamaan k\u00e4vij\u00f6iden kirjautumista sivuille sek\u00e4 mahdollistamaan yhdistelm\u00e4tiedon laatimisen k\u00e4vij\u00f6ist\u00e4. T\u00e4m\u00e4n palautteen avulla pystymme jatkuvasti parantamaan sivujemme sis\u00e4lt\u00f6\u00e4. Ev\u00e4steet eiv\u00e4t vahingoita k\u00e4ytt\u00e4jien tietokoneita tai tiedostoja. K\u00e4yt\u00e4mme niit\u00e4 siten, ett\u00e4 voimme tarjota asiakkaillemme kunkin yksil\u00f6ityjen tarpeiden mukaisia tietoja ja palveluita.<br \/>\nMik\u00e4li sivuillamme vieraileva k\u00e4ytt\u00e4j\u00e4 ei halua meid\u00e4n saavan edell\u00e4 mainittuja tietoja ev\u00e4steiden avulla, useimmat selainohjelmat mahdollistavat ev\u00e4ste-toiminnon poiskytkemisen. T\u00e4m\u00e4 tapahtuu yleens\u00e4 selaimen asetuksien kautta.<br \/>\nOn kuitenkin hyv\u00e4 ottaa huomioon se, ett\u00e4 ev\u00e4steet voivat olla tarpeellisia joidenkin yll\u00e4pit\u00e4miemme sivujen ja tarjoamiemme palveluiden asianmukaiselle toimimiselle.<br \/>\n<br \/>\n10. Rekisterin suojaus <br \/>\nTiedot siirret\u00e4\u00e4n SSL-suojatun yhteyden ylitse. <br \/>\nS\u00e4hk\u00f6iset tiedot on suojattu palomuurilla, k\u00e4ytt\u00e4j\u00e4tunnuksin ja salasanoin. <br \/>\nTietojen k\u00e4ytt\u00f6oikeus on vain niill\u00e4 rekisterinpit\u00e4j\u00e4n palveluksessa olevilla henkil\u00f6ill\u00e4, jotka tarvitsevat tietoja teht\u00e4viss\u00e4\u00e4n.<br \/>\n<br \/>\n11. Automaattinen p\u00e4\u00e4t\u00f6ksenteko<br \/>\nAutomatisoituja yksitt\u00e4isp\u00e4\u00e4t\u00f6ksi\u00e4 (EU:n tietosuoja-asetuksen artikla 22) ei tehd\u00e4.<br \/>\n<br \/>\n12. Rekister\u00f6idyn oikeudet <br \/>\nRekister\u00f6idyll\u00e4 on oikeus tarkastaa, mit\u00e4 h\u00e4nt\u00e4 koskevia tietoja henkil\u00f6tietorekisteriin on talletettu. Kirjallinen tarkastuspyynt\u00f6 tulee l\u00e4hett\u00e4\u00e4 allekirjoitettuna rekisteriasioista vastaavalle henkil\u00f6lle.<br \/>\nTarkastusoikeus on maksuton enint\u00e4\u00e4n kerran vuodessa toteutettuna.<br \/>\nRekister\u00f6idyll\u00e4 on oikeus vaatia virheellisten tai vanhentuneiden tietojen oikaisua tai poistamista tai tietojen siirtoa j\u00e4rjestelm\u00e4st\u00e4 toiseen. H\u00e4nell\u00e4 on my\u00f6s oikeus rajoittaa tai vastustaa tietojensa k\u00e4sittely\u00e4 EU:n tietosuoja-asetuksen artiklojen 18 ja 21 mukaisesti.<br \/>\nRekister\u00f6idyll\u00e4 on oikeus peruuttaa aiemmin antamansa suostumus tietojen k\u00e4sittelylle tai tehd\u00e4 henkil\u00f6tietojensa k\u00e4sittelyyn liittyvist\u00e4 seikoista valitus valvontaviranomaiselle.<br \/>\nRekister\u00f6idyll\u00e4 on my\u00f6s oikeus kielt\u00e4\u00e4 tietojensa k\u00e4ytt\u00f6 suoramarkkinointitarkoituksiin. <br \/>\n<br \/>\n<\/div><\/fieldset><\/div><script>\n\t\t\t\t( function() {\n\t\t\t\t\tconst style = document.createElement( 'style' );\n\t\t\t\t\tstyle.appendChild( document.createTextNode( '#wpforms-784-field_1-container { position: absolute !important; overflow: hidden !important; display: inline !important; height: 1px !important; width: 1px !important; z-index: -1000 !important; padding: 0 !important; } #wpforms-784-field_1-container input { visibility: hidden; } #wpforms-conversational-form-page #wpforms-784-field_1-container label { counter-increment: none; }' ) );\n\t\t\t\t\tdocument.head.appendChild( style );\n\t\t\t\t\tdocument.currentScript?.remove();\n\t\t\t\t} )();\n\t\t\t<\/script><\/div><!-- .wpforms-field-container --><div class=\"wpforms-submit-container\" ><input type=\"hidden\" name=\"wpforms[id]\" value=\"784\"><input type=\"hidden\" name=\"page_title\" value=\"\"><input type=\"hidden\" name=\"page_url\" value=\"https:\/\/www.uutiskirjeet.com\/index.php\/wp-json\/wp\/v2\/pages\/278\"><input type=\"hidden\" name=\"url_referer\" value=\"\"><button type=\"submit\" name=\"wpforms[submit]\" id=\"wpforms-submit-784\" class=\"wpforms-submit\" data-alt-text=\"L\u00e4hetet\u00e4\u00e4n\" data-submit-text=\"L\u00e4het\u00e4!\" aria-live=\"assertive\" value=\"wpforms-submit\">L\u00e4het\u00e4!<\/button><img decoding=\"async\" src=\"https:\/\/www.uutiskirjeet.com\/wp-content\/plugins\/wpforms-lite\/assets\/images\/submit-spin.svg\" class=\"wpforms-submit-spinner\" style=\"display: none;\" width=\"26\" height=\"26\" alt=\"Loading\"><\/div><\/form><\/div>  <!-- .wpforms-container -->\t\t\t\t<\/div>\n\t\t\t\t<\/div>\n\t\t\t\t<\/div>\n\t\t\t\t\t<\/div>\n\t\t\t\t<\/div>\n\t\t<div class=\"elementor-element elementor-element-82640d5 e-flex e-con-boxed e-con e-parent\" data-id=\"82640d5\" data-element_type=\"container\" data-e-type=\"container\">\n\t\t\t\t\t<div class=\"e-con-inner\">\n\t\t\t\t<div class=\"elementor-element elementor-element-b860a23 elementor-widget-divider--view-line elementor-widget elementor-widget-divider\" data-id=\"b860a23\" data-element_type=\"widget\" data-e-type=\"widget\" data-widget_type=\"divider.default\">\n\t\t\t\t<div class=\"elementor-widget-container\">\n\t\t\t\t\t\t\t<div class=\"elementor-divider\">\n\t\t\t<span class=\"elementor-divider-separator\">\n\t\t\t\t\t\t<\/span>\n\t\t<\/div>\n\t\t\t\t\t\t<\/div>\n\t\t\t\t<\/div>\n\t\t\t\t\t<\/div>\n\t\t\t\t<\/div>\n\t\t<footer class=\"elementor-element elementor-element-7cf79af6 e-con-full e-flex e-con e-parent\" data-id=\"7cf79af6\" data-element_type=\"container\" data-e-type=\"container\">\n\t\t<div class=\"elementor-element elementor-element-53973661 e-con-full e-flex e-con e-child\" data-id=\"53973661\" data-element_type=\"container\" data-e-type=\"container\">\n\t\t\t\t<div class=\"elementor-element elementor-element-481416ee elementor-icon-list--layout-inline elementor-tablet-align-center elementor-align-center elementor-list-item-link-full_width elementor-widget elementor-widget-icon-list\" data-id=\"481416ee\" data-element_type=\"widget\" data-e-type=\"widget\" data-widget_type=\"icon-list.default\">\n\t\t\t\t<div class=\"elementor-widget-container\">\n\t\t\t\t\t\t\t<ul class=\"elementor-icon-list-items elementor-inline-items\">\n\t\t\t\t\t\t\t<li class=\"elementor-icon-list-item elementor-inline-item\">\n\t\t\t\t\t\t\t\t\t\t<span class=\"elementor-icon-list-text\">p. 040 670 9695<\/span>\n\t\t\t\t\t\t\t\t\t<\/li>\n\t\t\t\t\t\t\t\t<li class=\"elementor-icon-list-item elementor-inline-item\">\n\t\t\t\t\t\t\t\t\t\t<span class=\"elementor-icon-list-text\">info@uutiskirjeet.com<\/span>\n\t\t\t\t\t\t\t\t\t<\/li>\n\t\t\t\t\t\t\t\t<li class=\"elementor-icon-list-item elementor-inline-item\">\n\t\t\t\t\t\t\t\t\t\t<span class=\"elementor-icon-list-text\">Y-tunnus: 3006384-6<\/span>\n\t\t\t\t\t\t\t\t\t<\/li>\n\t\t\t\t\t\t<\/ul>\n\t\t\t\t\t\t<\/div>\n\t\t\t\t<\/div>\n\t\t\t\t<\/div>\n\t\t\t\t<\/footer>\n\t\t\t\t<\/div>\n\t\t","protected":false},"excerpt":{"rendered":"<p>Yhteydenotto Kiinnostuitko? Ota rohkeasti yhteytt\u00e4 ja pyyd\u00e4 tarjous. Samalla saat selville, mitk\u00e4 voisivat olla uutiskirjeen hy\u00f6dyt juuri sinulle! Please enable JavaScript in your browser to complete this form.Please enable JavaScript in your browser to complete this form.NimiS\u00e4hk\u00f6postiosoite *Viestisi Olen tutustunut tietosuojaselosteeseen * Kyll\u00e4 1. Rekisterinpit\u00e4j\u00e4 Nimi: Simo Parni, Kirjoituspalvelu Puhepaja.fi t:mi Y-tunnus: 3006384-6 Puhelinnumero: 040 [&hellip;]<\/p>\n","protected":false},"author":1,"featured_media":0,"parent":0,"menu_order":0,"comment_status":"closed","ping_status":"closed","template":"elementor_canvas","meta":{"footnotes":""},"class_list":["post-278","page","type-page","status-publish","hentry"],"_links":{"self":[{"href":"https:\/\/www.uutiskirjeet.com\/index.php\/wp-json\/wp\/v2\/pages\/278","targetHints":{"allow":["GET"]}}],"collection":[{"href":"https:\/\/www.uutiskirjeet.com\/index.php\/wp-json\/wp\/v2\/pages"}],"about":[{"href":"https:\/\/www.uutiskirjeet.com\/index.php\/wp-json\/wp\/v2\/types\/page"}],"author":[{"embeddable":true,"href":"https:\/\/www.uutiskirjeet.com\/index.php\/wp-json\/wp\/v2\/users\/1"}],"replies":[{"embeddable":true,"href":"https:\/\/www.uutiskirjeet.com\/index.php\/wp-json\/wp\/v2\/comments?post=278"}],"version-history":[{"count":34,"href":"https:\/\/www.uutiskirjeet.com\/index.php\/wp-json\/wp\/v2\/pages\/278\/revisions"}],"predecessor-version":[{"id":837,"href":"https:\/\/www.uutiskirjeet.com\/index.php\/wp-json\/wp\/v2\/pages\/278\/revisions\/837"}],"wp:attachment":[{"href":"https:\/\/www.uutiskirjeet.com\/index.php\/wp-json\/wp\/v2\/media?parent=278"}],"curies":[{"name":"wp","href":"https:\/\/api.w.org\/{rel}","templated":true}]}}