{"id":106,"date":"2025-04-02T11:20:44","date_gmt":"2025-04-02T11:20:44","guid":{"rendered":"http:\/\/www.uutiskirjeet.com\/?page_id=106"},"modified":"2026-01-18T14:44:17","modified_gmt":"2026-01-18T14:44:17","slug":"yritykselle","status":"publish","type":"page","link":"https:\/\/www.uutiskirjeet.com\/index.php\/yritykselle\/","title":{"rendered":"Uutiskirje yritykselle"},"content":{"rendered":"\t\t<div data-elementor-type=\"wp-page\" data-elementor-id=\"106\" class=\"elementor elementor-106\" data-elementor-post-type=\"page\">\n\t\t\t\t<div class=\"elementor-element elementor-element-7867523 e-flex e-con-boxed e-con e-parent\" data-id=\"7867523\" data-element_type=\"container\" data-e-type=\"container\">\n\t\t\t\t\t<div class=\"e-con-inner\">\n\t\t\t\t<div class=\"elementor-element elementor-element-7f328da elementor-widget elementor-widget-image\" data-id=\"7f328da\" data-element_type=\"widget\" data-e-type=\"widget\" data-widget_type=\"image.default\">\n\t\t\t\t<div class=\"elementor-widget-container\">\n\t\t\t\t\t\t\t\t\t\t\t\t\t\t\t<img fetchpriority=\"high\" decoding=\"async\" width=\"300\" height=\"170\" src=\"http:\/\/www.uutiskirjeet.com\/wp-content\/uploads\/2025\/04\/UUTISKIRJEET-.COM2_-2-300x170.png\" class=\"attachment-medium size-medium wp-image-218\" alt=\"\" srcset=\"http:\/\/www.uutiskirjeet.com\/wp-content\/uploads\/2025\/04\/UUTISKIRJEET-.COM2_-2-300x170.png 300w, http:\/\/www.uutiskirjeet.com\/wp-content\/uploads\/2025\/04\/UUTISKIRJEET-.COM2_-2-1024x579.png 1024w, http:\/\/www.uutiskirjeet.com\/wp-content\/uploads\/2025\/04\/UUTISKIRJEET-.COM2_-2-768x434.png 768w, http:\/\/www.uutiskirjeet.com\/wp-content\/uploads\/2025\/04\/UUTISKIRJEET-.COM2_-2.png 1472w\" sizes=\"(max-width: 300px) 100vw, 300px\" \/>\t\t\t\t\t\t\t\t\t\t\t\t\t\t\t<\/div>\n\t\t\t\t<\/div>\n\t\t\t\t\t<\/div>\n\t\t\t\t<\/div>\n\t\t<div class=\"elementor-element elementor-element-1c57db93 e-flex e-con-boxed e-con e-parent\" data-id=\"1c57db93\" data-element_type=\"container\" data-e-type=\"container\">\n\t\t\t\t\t<div class=\"e-con-inner\">\n\t\t\t\t<div class=\"elementor-element elementor-element-782f8245 elementor-nav-menu__align-center elementor-nav-menu--dropdown-none elementor-widget elementor-widget-nav-menu\" data-id=\"782f8245\" data-element_type=\"widget\" data-e-type=\"widget\" data-settings=\"{&quot;layout&quot;:&quot;horizontal&quot;,&quot;submenu_icon&quot;:{&quot;value&quot;:&quot;&lt;svg aria-hidden=\\&quot;true\\&quot; class=\\&quot;e-font-icon-svg e-fas-caret-down\\&quot; viewBox=\\&quot;0 0 320 512\\&quot; xmlns=\\&quot;http:\\\/\\\/www.w3.org\\\/2000\\\/svg\\&quot;&gt;&lt;path d=\\&quot;M31.3 192h257.3c17.8 0 26.7 21.5 14.1 34.1L174.1 354.8c-7.8 7.8-20.5 7.8-28.3 0L17.2 226.1C4.6 213.5 13.5 192 31.3 192z\\&quot;&gt;&lt;\\\/path&gt;&lt;\\\/svg&gt;&quot;,&quot;library&quot;:&quot;fa-solid&quot;}}\" data-widget_type=\"nav-menu.default\">\n\t\t\t\t<div class=\"elementor-widget-container\">\n\t\t\t\t\t\t\t\t<nav aria-label=\"Menu\" class=\"elementor-nav-menu--main elementor-nav-menu__container elementor-nav-menu--layout-horizontal e--pointer-underline e--animation-fade\">\n\t\t\t\t<ul id=\"menu-1-782f8245\" class=\"elementor-nav-menu\"><li class=\"menu-item menu-item-type-post_type menu-item-object-page menu-item-home menu-item-44\"><a href=\"https:\/\/www.uutiskirjeet.com\/\" class=\"elementor-item\">Etusivu<\/a><\/li>\n<li class=\"menu-item menu-item-type-post_type menu-item-object-page menu-item-has-children menu-item-894\"><a href=\"https:\/\/www.uutiskirjeet.com\/index.php\/minulleko-uutiskirje\/\" class=\"elementor-item\">Minulleko uutiskirje?<\/a>\n<ul class=\"sub-menu elementor-nav-menu--dropdown\">\n\t<li class=\"menu-item menu-item-type-post_type menu-item-object-page menu-item-298\"><a href=\"https:\/\/www.uutiskirjeet.com\/index.php\/yritykselle\/\" class=\"elementor-sub-item\">Uutiskirje yritykselle<\/a><\/li>\n\t<li class=\"menu-item menu-item-type-post_type menu-item-object-page menu-item-297\"><a href=\"https:\/\/www.uutiskirjeet.com\/index.php\/uutiskirje-saatiolle\/\" class=\"elementor-sub-item\">Uutiskirje s\u00e4\u00e4ti\u00f6lle<\/a><\/li>\n\t<li class=\"menu-item menu-item-type-post_type menu-item-object-page menu-item-302\"><a href=\"https:\/\/www.uutiskirjeet.com\/index.php\/uutiskirje-yhdistykselle\/\" class=\"elementor-sub-item\">Uutiskirje yhdistykselle<\/a><\/li>\n<\/ul>\n<\/li>\n<li class=\"menu-item menu-item-type-post_type menu-item-object-page menu-item-280\"><a href=\"https:\/\/www.uutiskirjeet.com\/index.php\/yhteydenotto\/\" class=\"elementor-item\">Yhteydenotto<\/a><\/li>\n<\/ul>\t\t\t<\/nav>\n\t\t\t\t\t\t<nav class=\"elementor-nav-menu--dropdown elementor-nav-menu__container\" aria-hidden=\"true\">\n\t\t\t\t<ul id=\"menu-2-782f8245\" class=\"elementor-nav-menu\"><li class=\"menu-item menu-item-type-post_type menu-item-object-page menu-item-home menu-item-44\"><a href=\"https:\/\/www.uutiskirjeet.com\/\" class=\"elementor-item\" tabindex=\"-1\">Etusivu<\/a><\/li>\n<li class=\"menu-item menu-item-type-post_type menu-item-object-page menu-item-has-children menu-item-894\"><a href=\"https:\/\/www.uutiskirjeet.com\/index.php\/minulleko-uutiskirje\/\" class=\"elementor-item\" tabindex=\"-1\">Minulleko uutiskirje?<\/a>\n<ul class=\"sub-menu elementor-nav-menu--dropdown\">\n\t<li class=\"menu-item menu-item-type-post_type menu-item-object-page menu-item-298\"><a href=\"https:\/\/www.uutiskirjeet.com\/index.php\/yritykselle\/\" class=\"elementor-sub-item\" tabindex=\"-1\">Uutiskirje yritykselle<\/a><\/li>\n\t<li class=\"menu-item menu-item-type-post_type menu-item-object-page menu-item-297\"><a href=\"https:\/\/www.uutiskirjeet.com\/index.php\/uutiskirje-saatiolle\/\" class=\"elementor-sub-item\" tabindex=\"-1\">Uutiskirje s\u00e4\u00e4ti\u00f6lle<\/a><\/li>\n\t<li class=\"menu-item menu-item-type-post_type menu-item-object-page menu-item-302\"><a href=\"https:\/\/www.uutiskirjeet.com\/index.php\/uutiskirje-yhdistykselle\/\" class=\"elementor-sub-item\" tabindex=\"-1\">Uutiskirje yhdistykselle<\/a><\/li>\n<\/ul>\n<\/li>\n<li class=\"menu-item menu-item-type-post_type menu-item-object-page menu-item-280\"><a href=\"https:\/\/www.uutiskirjeet.com\/index.php\/yhteydenotto\/\" class=\"elementor-item\" tabindex=\"-1\">Yhteydenotto<\/a><\/li>\n<\/ul>\t\t\t<\/nav>\n\t\t\t\t\t\t<\/div>\n\t\t\t\t<\/div>\n\t\t\t\t\t<\/div>\n\t\t\t\t<\/div>\n\t\t<div class=\"elementor-element elementor-element-12ea9d09 e-flex e-con-boxed e-con e-parent\" data-id=\"12ea9d09\" data-element_type=\"container\" data-e-type=\"container\" data-settings=\"{&quot;background_background&quot;:&quot;classic&quot;}\">\n\t\t\t\t\t<div class=\"e-con-inner\">\n\t\t<div class=\"elementor-element elementor-element-1def0cf6 e-con-full e-flex e-con e-child\" data-id=\"1def0cf6\" data-element_type=\"container\" data-e-type=\"container\">\n\t\t\t\t<div class=\"elementor-element elementor-element-7a1aa00b elementor-widget elementor-widget-heading\" data-id=\"7a1aa00b\" data-element_type=\"widget\" data-e-type=\"widget\" data-widget_type=\"heading.default\">\n\t\t\t\t<div class=\"elementor-widget-container\">\n\t\t\t\t\t<h1 class=\"elementor-heading-title elementor-size-default\">Uutiskirjeen hy\u00f6dyt yritysk\u00e4yt\u00f6ss\u00e4<\/h1>\t\t\t\t<\/div>\n\t\t\t\t<\/div>\n\t\t\t\t<div class=\"elementor-element elementor-element-5150e017 elementor-widget elementor-widget-text-editor\" data-id=\"5150e017\" data-element_type=\"widget\" data-e-type=\"widget\" data-widget_type=\"text-editor.default\">\n\t\t\t\t<div class=\"elementor-widget-container\">\n\t\t\t\t\t\t\t\t\t<p>Uutiskirje on tehokas ty\u00f6kalu asiakashankintaan ja myynnin lis\u00e4\u00e4miseen. Se sopii erinomaisesti aloittavan yrityksen markkinointity\u00f6kaluksi sek\u00e4 B2B ett\u00e4 B2C -markkinointiin.<\/p>\t\t\t\t\t\t\t\t<\/div>\n\t\t\t\t<\/div>\n\t\t\t\t<div class=\"elementor-element elementor-element-55e6e878 elementor-mobile-align-center elementor-align-center elementor-widget elementor-widget-button\" data-id=\"55e6e878\" data-element_type=\"widget\" data-e-type=\"widget\" data-widget_type=\"button.default\">\n\t\t\t\t<div class=\"elementor-widget-container\">\n\t\t\t\t\t\t\t\t\t<div class=\"elementor-button-wrapper\">\n\t\t\t\t\t<a class=\"elementor-button elementor-button-link elementor-size-sm\" href=\"http:\/\/www.uutiskirjeet.com\/index.php\/yhteydenotto\/\">\n\t\t\t\t\t\t<span class=\"elementor-button-content-wrapper\">\n\t\t\t\t\t\t\t\t\t<span class=\"elementor-button-text\">Ota yhteytt\u00e4!<\/span>\n\t\t\t\t\t<\/span>\n\t\t\t\t\t<\/a>\n\t\t\t\t<\/div>\n\t\t\t\t\t\t\t\t<\/div>\n\t\t\t\t<\/div>\n\t\t\t\t<\/div>\n\t\t<div class=\"elementor-element elementor-element-2163dfbe e-con-full e-flex e-con e-child\" data-id=\"2163dfbe\" data-element_type=\"container\" data-e-type=\"container\">\n\t\t\t\t<div class=\"elementor-element elementor-element-edeabbe elementor-widget elementor-widget-text-editor\" data-id=\"edeabbe\" data-element_type=\"widget\" data-e-type=\"widget\" data-widget_type=\"text-editor.default\">\n\t\t\t\t<div class=\"elementor-widget-container\">\n\t\t\t\t\t\t\t\t\t<ul><li>Hanki asiakkaita, lis\u00e4\u00e4 n\u00e4kyvyytt\u00e4.<\/li><li>Tiedota kampanjoista tai tarjouksista.<\/li><li>Tule tunnetuksi markkinoilla.<\/li><li>Markkinoi j\u00e4lleenmyyjille.<\/li><li>Luo liidej\u00e4<\/li><\/ul>\t\t\t\t\t\t\t\t<\/div>\n\t\t\t\t<\/div>\n\t\t\t\t<\/div>\n\t\t\t\t\t<\/div>\n\t\t\t\t<\/div>\n\t\t<div class=\"elementor-element elementor-element-82640d5 e-flex e-con-boxed e-con e-parent\" data-id=\"82640d5\" data-element_type=\"container\" data-e-type=\"container\">\n\t\t\t\t\t<div class=\"e-con-inner\">\n\t\t\t\t<div class=\"elementor-element elementor-element-b860a23 elementor-widget-divider--view-line elementor-widget elementor-widget-divider\" data-id=\"b860a23\" data-element_type=\"widget\" data-e-type=\"widget\" data-widget_type=\"divider.default\">\n\t\t\t\t<div class=\"elementor-widget-container\">\n\t\t\t\t\t\t\t<div class=\"elementor-divider\">\n\t\t\t<span class=\"elementor-divider-separator\">\n\t\t\t\t\t\t<\/span>\n\t\t<\/div>\n\t\t\t\t\t\t<\/div>\n\t\t\t\t<\/div>\n\t\t\t\t\t<\/div>\n\t\t\t\t<\/div>\n\t\t<div class=\"elementor-element elementor-element-2ea03422 e-con-full e-flex e-con e-parent\" data-id=\"2ea03422\" data-element_type=\"container\" data-e-type=\"container\" id=\"next\">\n\t\t\t\t<div class=\"elementor-element elementor-element-e1a9ea elementor-widget elementor-widget-heading\" data-id=\"e1a9ea\" data-element_type=\"widget\" data-e-type=\"widget\" data-widget_type=\"heading.default\">\n\t\t\t\t<div class=\"elementor-widget-container\">\n\t\t\t\t\t<h3 class=\"elementor-heading-title elementor-size-default\">Mit\u00e4 uutiskirje maksaa?<\/h3>\t\t\t\t<\/div>\n\t\t\t\t<\/div>\n\t\t<div class=\"elementor-element elementor-element-2e207b30 e-grid e-con-full e-con e-child\" data-id=\"2e207b30\" data-element_type=\"container\" data-e-type=\"container\">\n\t\t\t\t<div class=\"elementor-element elementor-element-3ad910a8 elementor-widget-mobile__width-inherit elementor-widget elementor-widget-text-editor\" data-id=\"3ad910a8\" data-element_type=\"widget\" data-e-type=\"widget\" data-widget_type=\"text-editor.default\">\n\t\t\t\t<div class=\"elementor-widget-container\">\n\t\t\t\t\t\t\t\t\t<p>Uutiskirjeen perustaminen alkaen 490 \u20ac<\/p>\t\t\t\t\t\t\t\t<\/div>\n\t\t\t\t<\/div>\n\t\t\t\t<div class=\"elementor-element elementor-element-4d46c61d elementor-widget-mobile__width-inherit elementor-widget elementor-widget-text-editor\" data-id=\"4d46c61d\" data-element_type=\"widget\" data-e-type=\"widget\" data-widget_type=\"text-editor.default\">\n\t\t\t\t<div class=\"elementor-widget-container\">\n\t\t\t\t\t\t\t\t\t<p>+ Uutiskirjeen kuukausimaksu alkaen 7 \u20ac\/kk<\/p>\t\t\t\t\t\t\t\t<\/div>\n\t\t\t\t<\/div>\n\t\t\t\t<div class=\"elementor-element elementor-element-31ecc120 elementor-widget elementor-widget-text-editor\" data-id=\"31ecc120\" data-element_type=\"widget\" data-e-type=\"widget\" data-widget_type=\"text-editor.default\">\n\t\t\t\t<div class=\"elementor-widget-container\">\n\t\t\t\t\t\t\t\t\t<p class=\"has-text-align-center\">\u2022 Uutiskirjetili ja tarvittavat asetukset\u00a0<\/p><p class=\"has-text-align-center\">\u2022 Tietosuojaseloste tai sen p\u00e4ivitt\u00e4minen<\/p><p class=\"has-text-align-center\">\u2022 Viestipohjan luonti<\/p><p class=\"has-text-align-center\">\u2022 Osoitteiston lataaminen\u00a0<\/p><p class=\"has-text-align-center\">\u2022 Sis\u00e4ll\u00f6ntuotanto<\/p><p class=\"has-text-align-center\">\u2022 Kampanjan l\u00e4hett\u00e4minen<\/p><p class=\"has-text-align-center\">\u2022 Raportti ja analyysi tuloksista<\/p>\t\t\t\t\t\t\t\t<\/div>\n\t\t\t\t<\/div>\n\t\t\t\t<div class=\"elementor-element elementor-element-7122447e elementor-widget elementor-widget-text-editor\" data-id=\"7122447e\" data-element_type=\"widget\" data-e-type=\"widget\" data-widget_type=\"text-editor.default\">\n\t\t\t\t<div class=\"elementor-widget-container\">\n\t\t\t\t\t\t\t\t\t<p>\u2022 T\u00e4rkeimm\u00e4t ominaisuudet:<\/p><p>\u2022 S\u00e4hk\u00f6postikampanjat<\/p><p>\u2022 Muokattavat s\u00e4hk\u00f6postipohjat<\/p><p>\u2022 Kampajaraportointi<\/p><p>\u2022 Personoidut viestit<\/p><p>Teknisen\u00e4 alustana toimii Brevo.\u00a0<\/p><p>Tutustu Brevon hinnoitteluun tarkemmin <a href=\"https:\/\/www.brevo.com\/pricing\/\">t\u00e4st\u00e4 linkist\u00e4.<\/a><\/p>\t\t\t\t\t\t\t\t<\/div>\n\t\t\t\t<\/div>\n\t\t\t\t<\/div>\n\t\t\t\t<\/div>\n\t\t<div class=\"elementor-element elementor-element-ce3b6f6 e-flex e-con-boxed e-con e-parent\" data-id=\"ce3b6f6\" data-element_type=\"container\" data-e-type=\"container\">\n\t\t\t\t\t<div class=\"e-con-inner\">\n\t\t<div class=\"elementor-element elementor-element-272f97d e-con-full e-flex e-con e-child\" data-id=\"272f97d\" data-element_type=\"container\" data-e-type=\"container\">\n\t\t<div class=\"elementor-element elementor-element-808f762 e-con-full e-flex e-con e-child\" data-id=\"808f762\" data-element_type=\"container\" data-e-type=\"container\">\n\t\t<div class=\"elementor-element elementor-element-f0601d1 e-con-full e-flex e-con e-child\" data-id=\"f0601d1\" data-element_type=\"container\" data-e-type=\"container\">\n\t\t\t\t<div class=\"elementor-element elementor-element-117e9c75 elementor-widget__width-initial elementor-widget-tablet__width-initial elementor-widget-mobile__width-initial elementor-widget elementor-widget-text-editor\" data-id=\"117e9c75\" data-element_type=\"widget\" data-e-type=\"widget\" data-widget_type=\"text-editor.default\">\n\t\t\t\t<div class=\"elementor-widget-container\">\n\t\t\t\t\t\t\t\t\t<p><img decoding=\"async\" class=\"alignnone wp-image-204 size-large\" src=\"http:\/\/www.uutiskirjeet.com\/wp-content\/uploads\/2025\/04\/UUTISKIRJEET-.COM1_-1-1024x579.png\" alt=\"\" width=\"900\" height=\"509\" srcset=\"https:\/\/www.uutiskirjeet.com\/wp-content\/uploads\/2025\/04\/UUTISKIRJEET-.COM1_-1-1024x579.png 1024w, https:\/\/www.uutiskirjeet.com\/wp-content\/uploads\/2025\/04\/UUTISKIRJEET-.COM1_-1-300x170.png 300w, https:\/\/www.uutiskirjeet.com\/wp-content\/uploads\/2025\/04\/UUTISKIRJEET-.COM1_-1-768x434.png 768w, https:\/\/www.uutiskirjeet.com\/wp-content\/uploads\/2025\/04\/UUTISKIRJEET-.COM1_-1.png 1472w\" sizes=\"(max-width: 900px) 100vw, 900px\" \/>Voit halutessasi <strong>ulkoistaa koko uutiskirjeen tuotannon <\/strong>sis\u00e4ll\u00f6nsuunnittelusta kampanjan l\u00e4hett\u00e4miseen ja raportointiin. N\u00e4in s\u00e4\u00e4st\u00e4t vaivaa ja saat parhaan hy\u00f6dyn.<\/p><p>Uutiskirjeen tuotantoon kuuluu esimerkiksi uutiskirjeen sis\u00e4ll\u00f6n suunnittelu, taittaminen uutiskirjepohjalle, kampanjan l\u00e4het\u00e4minen ja raporttien analyysi.<\/p>\t\t\t\t\t\t\t\t<\/div>\n\t\t\t\t<\/div>\n\t\t\t\t<\/div>\n\t\t<div class=\"elementor-element elementor-element-d81bc1d e-con-full e-flex e-con e-child\" data-id=\"d81bc1d\" data-element_type=\"container\" data-e-type=\"container\">\n\t\t\t\t<div class=\"elementor-element elementor-element-4677027b elementor-widget-mobile__width-initial elementor-widget elementor-widget-text-editor\" data-id=\"4677027b\" data-element_type=\"widget\" data-e-type=\"widget\" data-widget_type=\"text-editor.default\">\n\t\t\t\t<div class=\"elementor-widget-container\">\n\t\t\t\t\t\t\t\t\t<p>T\u00e4ysi palvelu 60 \u20ac\/tunti<\/p>\t\t\t\t\t\t\t\t<\/div>\n\t\t\t\t<\/div>\n\t\t\t\t<\/div>\n\t\t\t\t<\/div>\n\t\t\t\t<\/div>\n\t\t\t\t\t<\/div>\n\t\t\t\t<\/div>\n\t\t<div class=\"elementor-element elementor-element-b476782 e-flex e-con-boxed e-con e-parent\" data-id=\"b476782\" data-element_type=\"container\" data-e-type=\"container\">\n\t\t\t\t\t<div class=\"e-con-inner\">\n\t\t\t\t<div class=\"elementor-element elementor-element-ddf9667 elementor-mobile-align-center elementor-align-center elementor-widget elementor-widget-button\" data-id=\"ddf9667\" data-element_type=\"widget\" data-e-type=\"widget\" data-widget_type=\"button.default\">\n\t\t\t\t<div class=\"elementor-widget-container\">\n\t\t\t\t\t\t\t\t\t<div class=\"elementor-button-wrapper\">\n\t\t\t\t\t<a class=\"elementor-button elementor-button-link elementor-size-sm\" href=\"https:\/\/www.uutiskirjeet.com\/index.php\/yhteydenotto\/\">\n\t\t\t\t\t\t<span class=\"elementor-button-content-wrapper\">\n\t\t\t\t\t\t\t\t\t<span class=\"elementor-button-text\">Ota yhteytt\u00e4!<\/span>\n\t\t\t\t\t<\/span>\n\t\t\t\t\t<\/a>\n\t\t\t\t<\/div>\n\t\t\t\t\t\t\t\t<\/div>\n\t\t\t\t<\/div>\n\t\t\t\t\t<\/div>\n\t\t\t\t<\/div>\n\t\t<footer class=\"elementor-element elementor-element-18f7ea6c e-con-full e-flex e-con e-parent\" data-id=\"18f7ea6c\" data-element_type=\"container\" data-e-type=\"container\">\n\t\t<div class=\"elementor-element elementor-element-1d2c6b4f e-con-full e-flex e-con e-child\" data-id=\"1d2c6b4f\" data-element_type=\"container\" data-e-type=\"container\">\n\t\t\t\t<div class=\"elementor-element elementor-element-7f55c409 elementor-icon-list--layout-inline elementor-tablet-align-center elementor-align-center elementor-list-item-link-full_width elementor-widget elementor-widget-icon-list\" data-id=\"7f55c409\" data-element_type=\"widget\" data-e-type=\"widget\" data-widget_type=\"icon-list.default\">\n\t\t\t\t<div class=\"elementor-widget-container\">\n\t\t\t\t\t\t\t<ul class=\"elementor-icon-list-items elementor-inline-items\">\n\t\t\t\t\t\t\t<li class=\"elementor-icon-list-item elementor-inline-item\">\n\t\t\t\t\t\t\t\t\t\t<span class=\"elementor-icon-list-text\">p. 040 670 9695<\/span>\n\t\t\t\t\t\t\t\t\t<\/li>\n\t\t\t\t\t\t\t\t<li class=\"elementor-icon-list-item elementor-inline-item\">\n\t\t\t\t\t\t\t\t\t\t<span class=\"elementor-icon-list-text\">info@uutiskirjeet.com<\/span>\n\t\t\t\t\t\t\t\t\t<\/li>\n\t\t\t\t\t\t\t\t<li class=\"elementor-icon-list-item elementor-inline-item\">\n\t\t\t\t\t\t\t\t\t\t<span class=\"elementor-icon-list-text\">Y-tunnus: 3006384-6<\/span>\n\t\t\t\t\t\t\t\t\t<\/li>\n\t\t\t\t\t\t<\/ul>\n\t\t\t\t\t\t<\/div>\n\t\t\t\t<\/div>\n\t\t\t\t<\/div>\n\t\t\t\t<\/footer>\n\t\t\t\t<\/div>\n\t\t","protected":false},"excerpt":{"rendered":"<p>Uutiskirjeen hy\u00f6dyt yritysk\u00e4yt\u00f6ss\u00e4 Uutiskirje on tehokas ty\u00f6kalu asiakashankintaan ja myynnin lis\u00e4\u00e4miseen. Se sopii erinomaisesti aloittavan yrityksen markkinointity\u00f6kaluksi sek\u00e4 B2B ett\u00e4 B2C -markkinointiin. Ota yhteytt\u00e4! Hanki asiakkaita, lis\u00e4\u00e4 n\u00e4kyvyytt\u00e4. Tiedota kampanjoista tai tarjouksista. Tule tunnetuksi markkinoilla. Markkinoi j\u00e4lleenmyyjille. Luo liidej\u00e4 Mit\u00e4 uutiskirje maksaa? Uutiskirjeen perustaminen alkaen 490 \u20ac + Uutiskirjeen kuukausimaksu alkaen 7 \u20ac\/kk \u2022 Uutiskirjetili [&hellip;]<\/p>\n","protected":false},"author":1,"featured_media":0,"parent":0,"menu_order":0,"comment_status":"closed","ping_status":"closed","template":"elementor_canvas","meta":{"footnotes":""},"class_list":["post-106","page","type-page","status-publish","hentry"],"_links":{"self":[{"href":"https:\/\/www.uutiskirjeet.com\/index.php\/wp-json\/wp\/v2\/pages\/106","targetHints":{"allow":["GET"]}}],"collection":[{"href":"https:\/\/www.uutiskirjeet.com\/index.php\/wp-json\/wp\/v2\/pages"}],"about":[{"href":"https:\/\/www.uutiskirjeet.com\/index.php\/wp-json\/wp\/v2\/types\/page"}],"author":[{"embeddable":true,"href":"https:\/\/www.uutiskirjeet.com\/index.php\/wp-json\/wp\/v2\/users\/1"}],"replies":[{"embeddable":true,"href":"https:\/\/www.uutiskirjeet.com\/index.php\/wp-json\/wp\/v2\/comments?post=106"}],"version-history":[{"count":255,"href":"https:\/\/www.uutiskirjeet.com\/index.php\/wp-json\/wp\/v2\/pages\/106\/revisions"}],"predecessor-version":[{"id":931,"href":"https:\/\/www.uutiskirjeet.com\/index.php\/wp-json\/wp\/v2\/pages\/106\/revisions\/931"}],"wp:attachment":[{"href":"https:\/\/www.uutiskirjeet.com\/index.php\/wp-json\/wp\/v2\/media?parent=106"}],"curies":[{"name":"wp","href":"https:\/\/api.w.org\/{rel}","templated":true}]}}